{"id":6498,"date":"2023-02-07T17:54:59","date_gmt":"2023-02-07T17:54:59","guid":{"rendered":"https:\/\/artesaniasgoya.com\/?page_id=6498"},"modified":"2023-02-13T12:36:39","modified_gmt":"2023-02-13T12:36:39","slug":"terminos-y-condiciones","status":"publish","type":"page","link":"https:\/\/artesaniasgoya.com\/?page_id=6498","title":{"rendered":"T\u00e9rminos y Condiciones"},"content":{"rendered":"\t\t<div data-elementor-type=\"wp-page\" data-elementor-id=\"6498\" class=\"elementor elementor-6498\">\n\t\t\t\t\t\t\t\t\t<section class=\"elementor-section elementor-top-section elementor-element elementor-element-0482894 elementor-section-boxed elementor-section-height-default elementor-section-height-default\" data-id=\"0482894\" data-element_type=\"section\">\n\t\t\t\t\t\t<div class=\"elementor-container elementor-column-gap-default\">\n\t\t\t\t\t<div class=\"elementor-column elementor-col-100 elementor-top-column elementor-element elementor-element-034b22e\" data-id=\"034b22e\" data-element_type=\"column\">\n\t\t\t<div class=\"elementor-widget-wrap elementor-element-populated\">\n\t\t\t\t\t\t\t\t<div class=\"elementor-element elementor-element-36e1714 elementor-widget elementor-widget-shortcode\" data-id=\"36e1714\" data-element_type=\"widget\" data-widget_type=\"shortcode.default\">\n\t\t\t\t<div class=\"elementor-widget-container\">\n\t\t\t\t\t<div class=\"elementor-shortcode\"><h2>CONDICIONES GENERALES DE VENTA<\/h2>\r\nLa realizaci\u00f3n de un pedido implica la aceptaci\u00f3n de las presentes Condiciones Generales de Venta por parte del CLIENTE, as\u00ed como de cualquier otra especificada en el propio pedido.\r\n\r\nTodos los precios de esta p\u00e1gina web incluyen IVA, pero excluyen los gastos de env\u00edo, hasta el m\u00ednimo determinado para la aplicaci\u00f3n de la oferta.\r\n<h3>PEDIDOS<\/h3>\r\nPara cursar su pedido, el CLIENTE deber\u00e1 facilitar los datos personales que le sean solicitados, salvo que ya disponga de registro como cliente.\r\n\r\nLa realizaci\u00f3n por parte del CLIENTE del pedido equivale a la aceptaci\u00f3n plena y entera de los precios, de la descripci\u00f3n de los productos a la venta y de las Condiciones Generales de Venta, as\u00ed como de cualquier otra especificada en el propio pedido.\r\n\r\nUna vez que las mercanc\u00edas han salido de nuestras oficinas, se realizara un seguimiento del paquete para asegurar la total entrega del pedido.\r\n<h3>DESISTIMIENTO<\/h3>\r\nEl comprador dispondr\u00e1 de 14 d\u00edas desde el d\u00eda de la entrega del pedido para desistir del mismo sin penalizaci\u00f3n alguna y sin indicaci\u00f3n de los motivos, excepto cuando el producto est\u00e9 personalizado bajo su petici\u00f3n habiendo seguido sus instrucciones previas. En este caso es necesario justificar la calidad o deficiencias del producto.\r\n\r\nEl CLIENTE se har\u00e1 cargo de todos los gastos ocasionados a consecuencia del ejercicio del derecho de desistimiento, as\u00ed como de cualquier deterioro del producto.\r\n\r\nEn caso que se opte por el cambio de producto, si el importe del nuevo pedido es superior al importe de los art\u00edculos que devuelve, el CLIENTE tendr\u00e1 que abonar la diferencia.\r\n\r\nEn caso contrario, si el importe del nuevo pedido es inferior al importe inicial, ARTESANIASGOYA.COM emitir\u00e1 un vale por el importe de la diferencia a utilizar en una pr\u00f3xima compra. En todo caso el CLIENTE podr\u00e1 solicitar la devoluci\u00f3n del importe, que ARTESANIASGOYA.COM reembolsara por el mismo medio de pago utilizado por el cliente.\r\n\r\nPara ejercer el derecho de desistimiento, deber\u00e1 el CLIENTE notificarnos a ropaparamihogar, a la direcci\u00f3n siguiente: CAMINO REAL DE LOS NEVEROS 13, 18198 HUETOR VEGA, GRANADA, escribi\u00e9ndonos al correo electr\u00f3nico info@ARTESANIASGOYA.COM o llam\u00e1ndonos el n\u00famero de tel\u00e9fono +34 958501448, su decisi\u00f3n de desistir del contrato a trav\u00e9s de una declaraci\u00f3n inequ\u00edvoca (por ejemplo, una carta enviada por correo postal o electr\u00f3nico).\r\n\r\n&nbsp;\r\n<h3>GARANT\u00cdA<\/h3>\r\nEn caso de producto defectuoso, el CLIENTE podr\u00e1 optar entre exigir la sustituci\u00f3n, el cambio, la reparaci\u00f3n del producto o la devoluci\u00f3n del importe correspondiente al precio y a los gastos de env\u00edo ocasionados.\r\n\r\nEsta garant\u00eda se extiende a un m\u00e1ximo de DOS A\u00d1OS.\r\n\r\nLa reparaci\u00f3n y\/o sustituci\u00f3n ser\u00e1n gratuitas para el CLIENTE y deber\u00e1n realizarse en un plazo razonable, desde la notificaci\u00f3n por parte del CLIENTE de la falta de conformidad.\r\n\r\nEn caso que se opte por el cambio de producto, si el importe del nuevo pedido es superior al importe de los art\u00edculos que devuelve, el CLIENTE tendr\u00e1 que abonar la diferencia.\r\n\r\nEn caso contrario, si el importe del nuevo pedido es inferior al importe inicial, ARTESANIASGOYA.COM emitir\u00e1 la devoluci\u00f3n del importe, que ARTESANIASGOYA.COM reembolsara por el mismo medio de pago utilizado por el cliente, o en su defecto, transferencia bancaria.\r\n<h3>PLAZOS<\/h3>\r\nS\u00f3lo se les da a t\u00edtulo indicativo, y no pueden en ning\u00fan caso, ser objeto de da\u00f1os e intereses o de denegaci\u00f3n.\r\n\r\nTodos los pedidos de productos est\u00e1n sujetos a la disponibilidad de los mismos. En el caso de que existan dificultades en el suministro del producto seleccionado, ARTESANIASGOYA.COM informar\u00e1 al CLIENTE en un plazo no superior a veinte d\u00edas.\r\n\r\nARTESANIASGOYA.COM establece un plazo m\u00e1ximo de ejecuci\u00f3n del pedido de treinta d\u00edas naturales a partir de la celebraci\u00f3n del contrato de compra.\r\n\r\nEl cliente tiene derecho a recuperar la suma de su pedido, sin demora, en el caso de no ejecuci\u00f3n por falta de disponibilidad, una vez ha sido informado por ARTESANIASGOYA.COM, y en un plazo no superior a los treinta d\u00edas desde su pedido.\r\n<h3>JURIDICCI\u00d3N<\/h3>\r\nLas condiciones presentes se regir\u00e1n por la ley espa\u00f1ola.\r\n\r\nPara la resoluci\u00f3n de cualquier duda, discrepancia o divergencia que pudiera suscitarse en el cumplimiento e interpretaci\u00f3n del presente Contrato, las partes se someten a los Juzgados y Tribunales de Granada (Espa\u00f1a).\n<\/div>\n\t\t\t\t<\/div>\n\t\t\t\t<\/div>\n\t\t\t\t\t<\/div>\n\t\t<\/div>\n\t\t\t\t\t\t\t<\/div>\n\t\t<\/section>\n\t\t\t\t\t\t\t<\/div>\n\t\t","protected":false},"excerpt":{"rendered":"","protected":false},"author":1,"featured_media":0,"parent":0,"menu_order":0,"comment_status":"closed","ping_status":"closed","template":"","meta":{"footnotes":""},"_links":{"self":[{"href":"https:\/\/artesaniasgoya.com\/index.php?rest_route=\/wp\/v2\/pages\/6498"}],"collection":[{"href":"https:\/\/artesaniasgoya.com\/index.php?rest_route=\/wp\/v2\/pages"}],"about":[{"href":"https:\/\/artesaniasgoya.com\/index.php?rest_route=\/wp\/v2\/types\/page"}],"author":[{"embeddable":true,"href":"https:\/\/artesaniasgoya.com\/index.php?rest_route=\/wp\/v2\/users\/1"}],"replies":[{"embeddable":true,"href":"https:\/\/artesaniasgoya.com\/index.php?rest_route=%2Fwp%2Fv2%2Fcomments&post=6498"}],"version-history":[{"count":8,"href":"https:\/\/artesaniasgoya.com\/index.php?rest_route=\/wp\/v2\/pages\/6498\/revisions"}],"predecessor-version":[{"id":7782,"href":"https:\/\/artesaniasgoya.com\/index.php?rest_route=\/wp\/v2\/pages\/6498\/revisions\/7782"}],"wp:attachment":[{"href":"https:\/\/artesaniasgoya.com\/index.php?rest_route=%2Fwp%2Fv2%2Fmedia&parent=6498"}],"curies":[{"name":"wp","href":"https:\/\/api.w.org\/{rel}","templated":true}]}}