{"id":6016,"date":"2023-02-02T16:02:12","date_gmt":"2023-02-02T16:02:12","guid":{"rendered":"https:\/\/artesaniasgoya.com\/?post_type=product&#038;p=6016"},"modified":"2023-02-15T15:22:21","modified_gmt":"2023-02-15T15:22:21","slug":"iman-resina-marco-con-relieves-m01071","status":"publish","type":"product","link":"https:\/\/artesaniasgoya.com\/?product=iman-resina-marco-con-relieves-m01071","title":{"rendered":"Im\u00e1n Resina Marco con relieves M01071"},"content":{"rendered":"<p>Una selecci\u00f3n de los m\u00e1s bellos dise\u00f1os imantados para cualquier superficie met\u00e1lica. En formato resina con relieve.<\/p>\n","protected":false},"excerpt":{"rendered":"<p>Im\u00e1n en forma rectangular para decoraci\u00f3n de tu hogar\/nevera elaborado en madera. Excelente regalo para coleccionistas. Recuerdo de Granada.<\/p>\n","protected":false},"featured_media":5771,"template":"","meta":[],"product_cat":[76],"product_tag":[138,82],"etheme_brands":{"errors":{"invalid_taxonomy":["Taxonom\u00eda no v\u00e1lida."]},"error_data":[]},"_links":{"self":[{"href":"https:\/\/artesaniasgoya.com\/index.php?rest_route=\/wp\/v2\/product\/6016"}],"collection":[{"href":"https:\/\/artesaniasgoya.com\/index.php?rest_route=\/wp\/v2\/product"}],"about":[{"href":"https:\/\/artesaniasgoya.com\/index.php?rest_route=\/wp\/v2\/types\/product"}],"version-history":[{"count":1,"href":"https:\/\/artesaniasgoya.com\/index.php?rest_route=\/wp\/v2\/product\/6016\/revisions"}],"predecessor-version":[{"id":6044,"href":"https:\/\/artesaniasgoya.com\/index.php?rest_route=\/wp\/v2\/product\/6016\/revisions\/6044"}],"wp:featuredmedia":[{"embeddable":true,"href":"https:\/\/artesaniasgoya.com\/index.php?rest_route=\/wp\/v2\/media\/5771"}],"wp:attachment":[{"href":"https:\/\/artesaniasgoya.com\/index.php?rest_route=%2Fwp%2Fv2%2Fmedia&parent=6016"}],"wp:term":[{"taxonomy":"product_cat","embeddable":true,"href":"https:\/\/artesaniasgoya.com\/index.php?rest_route=%2Fwp%2Fv2%2Fproduct_cat&post=6016"},{"taxonomy":"product_tag","embeddable":true,"href":"https:\/\/artesaniasgoya.com\/index.php?rest_route=%2Fwp%2Fv2%2Fproduct_tag&post=6016"}],"curies":[{"name":"wp","href":"https:\/\/api.w.org\/{rel}","templated":true}]}}