{"id":6068,"date":"2023-02-02T16:02:17","date_gmt":"2023-02-02T16:02:17","guid":{"rendered":"https:\/\/artesaniasgoya.com\/?post_type=product&#038;p=6068"},"modified":"2023-02-15T15:22:18","modified_gmt":"2023-02-15T15:22:18","slug":"iman-resina-con-relieves-y-espejo-m01021","status":"publish","type":"product","link":"https:\/\/artesaniasgoya.com\/?product=iman-resina-con-relieves-y-espejo-m01021","title":{"rendered":"Im\u00e1n Resina con relieves y espejo M01021"},"content":{"rendered":"<p>Una selecci\u00f3n de los m\u00e1s bellos dise\u00f1os cuadrados imantados para cualquier superficie met\u00e1lica. En formato resina con espejo incrustrado<\/p>\n","protected":false},"excerpt":{"rendered":"<p>Im\u00e1n en de resina con espejo para decoraci\u00f3n de tu hogar\/nevera. Excelente regalo para coleccionistas. Recuerdo de Granada.<\/p>\n","protected":false},"featured_media":5759,"template":"","meta":[],"product_cat":[76],"product_tag":[138,82],"etheme_brands":{"errors":{"invalid_taxonomy":["Taxonom\u00eda no v\u00e1lida."]},"error_data":[]},"_links":{"self":[{"href":"https:\/\/artesaniasgoya.com\/index.php?rest_route=\/wp\/v2\/product\/6068"}],"collection":[{"href":"https:\/\/artesaniasgoya.com\/index.php?rest_route=\/wp\/v2\/product"}],"about":[{"href":"https:\/\/artesaniasgoya.com\/index.php?rest_route=\/wp\/v2\/types\/product"}],"version-history":[{"count":1,"href":"https:\/\/artesaniasgoya.com\/index.php?rest_route=\/wp\/v2\/product\/6068\/revisions"}],"predecessor-version":[{"id":6098,"href":"https:\/\/artesaniasgoya.com\/index.php?rest_route=\/wp\/v2\/product\/6068\/revisions\/6098"}],"wp:featuredmedia":[{"embeddable":true,"href":"https:\/\/artesaniasgoya.com\/index.php?rest_route=\/wp\/v2\/media\/5759"}],"wp:attachment":[{"href":"https:\/\/artesaniasgoya.com\/index.php?rest_route=%2Fwp%2Fv2%2Fmedia&parent=6068"}],"wp:term":[{"taxonomy":"product_cat","embeddable":true,"href":"https:\/\/artesaniasgoya.com\/index.php?rest_route=%2Fwp%2Fv2%2Fproduct_cat&post=6068"},{"taxonomy":"product_tag","embeddable":true,"href":"https:\/\/artesaniasgoya.com\/index.php?rest_route=%2Fwp%2Fv2%2Fproduct_tag&post=6068"}],"curies":[{"name":"wp","href":"https:\/\/api.w.org\/{rel}","templated":true}]}}