{"id":6203,"date":"2023-02-05T11:18:00","date_gmt":"2023-02-05T11:18:00","guid":{"rendered":"https:\/\/artesaniasgoya.com\/?post_type=product&#038;p=6203"},"modified":"2023-02-23T12:22:03","modified_gmt":"2023-02-23T12:22:03","slug":"vaso-de-chupito-noche-alhambra-000359-2","status":"publish","type":"product","link":"https:\/\/artesaniasgoya.com\/?product=vaso-de-chupito-noche-alhambra-000359-2","title":{"rendered":"Vaso de chupito: Noche Alhambra 000359.2"},"content":{"rendered":"<p>Una selecci\u00f3n de los m\u00e1s bellos dise\u00f1os en vasos de chupitos. Caja con 12 unidades. Elaborados de cristal esmerilado e impresi\u00f3n de alta calidad<\/p>\n","protected":false},"excerpt":{"rendered":"<p>Vaso de chupito elaborado con cristal esmerilado e impresi\u00f3n de alta calidad. Pack de 12 Unidades. Recuerdo de Granada.<\/p>\n","protected":false},"featured_media":5876,"template":"","meta":[],"product_cat":[80],"product_tag":[98,138,97,96],"etheme_brands":{"errors":{"invalid_taxonomy":["Taxonom\u00eda no v\u00e1lida."]},"error_data":[]},"_links":{"self":[{"href":"https:\/\/artesaniasgoya.com\/index.php?rest_route=\/wp\/v2\/product\/6203"}],"collection":[{"href":"https:\/\/artesaniasgoya.com\/index.php?rest_route=\/wp\/v2\/product"}],"about":[{"href":"https:\/\/artesaniasgoya.com\/index.php?rest_route=\/wp\/v2\/types\/product"}],"version-history":[{"count":1,"href":"https:\/\/artesaniasgoya.com\/index.php?rest_route=\/wp\/v2\/product\/6203\/revisions"}],"predecessor-version":[{"id":6221,"href":"https:\/\/artesaniasgoya.com\/index.php?rest_route=\/wp\/v2\/product\/6203\/revisions\/6221"}],"wp:featuredmedia":[{"embeddable":true,"href":"https:\/\/artesaniasgoya.com\/index.php?rest_route=\/wp\/v2\/media\/5876"}],"wp:attachment":[{"href":"https:\/\/artesaniasgoya.com\/index.php?rest_route=%2Fwp%2Fv2%2Fmedia&parent=6203"}],"wp:term":[{"taxonomy":"product_cat","embeddable":true,"href":"https:\/\/artesaniasgoya.com\/index.php?rest_route=%2Fwp%2Fv2%2Fproduct_cat&post=6203"},{"taxonomy":"product_tag","embeddable":true,"href":"https:\/\/artesaniasgoya.com\/index.php?rest_route=%2Fwp%2Fv2%2Fproduct_tag&post=6203"}],"curies":[{"name":"wp","href":"https:\/\/api.w.org\/{rel}","templated":true}]}}