{"id":6280,"date":"2023-02-05T11:18:09","date_gmt":"2023-02-05T11:18:09","guid":{"rendered":"https:\/\/artesaniasgoya.com\/?post_type=product&#038;p=6280"},"modified":"2023-02-15T15:22:09","modified_gmt":"2023-02-15T15:22:09","slug":"vaso-de-chupito-dublino-granada-000255","status":"publish","type":"product","link":"https:\/\/artesaniasgoya.com\/?product=vaso-de-chupito-dublino-granada-000255","title":{"rendered":"Vaso de chupito Dublino: Granada 000255"},"content":{"rendered":"<p>Una selecci\u00f3n de los m\u00e1s bellos dise\u00f1os en vasos de chupitos. Caja con 12 unidades.   Elaborados de cristal esmerilado e impresi\u00f3n de alta calidad<\/p>\n","protected":false},"excerpt":{"rendered":"<p>Vaso de chupito Dublino elaborado con cristal esmerilado e impresi\u00f3n de alta calidad. Pack de 12 Unidades. Recuerdo de Granada.<\/p>\n","protected":false},"featured_media":5852,"template":"","meta":[],"product_cat":[80],"product_tag":[98,138,97,96],"etheme_brands":{"errors":{"invalid_taxonomy":["Taxonom\u00eda no v\u00e1lida."]},"error_data":[]},"_links":{"self":[{"href":"https:\/\/artesaniasgoya.com\/index.php?rest_route=\/wp\/v2\/product\/6280"}],"collection":[{"href":"https:\/\/artesaniasgoya.com\/index.php?rest_route=\/wp\/v2\/product"}],"about":[{"href":"https:\/\/artesaniasgoya.com\/index.php?rest_route=\/wp\/v2\/types\/product"}],"version-history":[{"count":1,"href":"https:\/\/artesaniasgoya.com\/index.php?rest_route=\/wp\/v2\/product\/6280\/revisions"}],"predecessor-version":[{"id":6310,"href":"https:\/\/artesaniasgoya.com\/index.php?rest_route=\/wp\/v2\/product\/6280\/revisions\/6310"}],"wp:featuredmedia":[{"embeddable":true,"href":"https:\/\/artesaniasgoya.com\/index.php?rest_route=\/wp\/v2\/media\/5852"}],"wp:attachment":[{"href":"https:\/\/artesaniasgoya.com\/index.php?rest_route=%2Fwp%2Fv2%2Fmedia&parent=6280"}],"wp:term":[{"taxonomy":"product_cat","embeddable":true,"href":"https:\/\/artesaniasgoya.com\/index.php?rest_route=%2Fwp%2Fv2%2Fproduct_cat&post=6280"},{"taxonomy":"product_tag","embeddable":true,"href":"https:\/\/artesaniasgoya.com\/index.php?rest_route=%2Fwp%2Fv2%2Fproduct_tag&post=6280"}],"curies":[{"name":"wp","href":"https:\/\/api.w.org\/{rel}","templated":true}]}}