{"id":6301,"date":"2023-02-05T11:18:11","date_gmt":"2023-02-05T11:18:11","guid":{"rendered":"https:\/\/artesaniasgoya.com\/?post_type=product&#038;p=6301"},"modified":"2023-02-15T15:22:06","modified_gmt":"2023-02-15T15:22:06","slug":"mug-grande-diseno-000300-13","status":"publish","type":"product","link":"https:\/\/artesaniasgoya.com\/?product=mug-grande-diseno-000300-13","title":{"rendered":"Mug Grande: Dise\u00f1o 000300.13"},"content":{"rendered":"<p>Una selecci\u00f3n de los m\u00e1s bellos dise\u00f1os en tazas formato Mug. Elaborados de porcelana e impresi\u00f3n de alta calidad<\/p>\n","protected":false},"excerpt":{"rendered":"<p>Mug elaborado con porcelana e impresi\u00f3n de alta calidad. Recuerdo de Granada.<\/p>\n","protected":false},"featured_media":5835,"template":"","meta":[],"product_cat":[79],"product_tag":[138,100,101],"etheme_brands":{"errors":{"invalid_taxonomy":["Taxonom\u00eda no v\u00e1lida."]},"error_data":[]},"_links":{"self":[{"href":"https:\/\/artesaniasgoya.com\/index.php?rest_route=\/wp\/v2\/product\/6301"}],"collection":[{"href":"https:\/\/artesaniasgoya.com\/index.php?rest_route=\/wp\/v2\/product"}],"about":[{"href":"https:\/\/artesaniasgoya.com\/index.php?rest_route=\/wp\/v2\/types\/product"}],"version-history":[{"count":1,"href":"https:\/\/artesaniasgoya.com\/index.php?rest_route=\/wp\/v2\/product\/6301\/revisions"}],"predecessor-version":[{"id":6331,"href":"https:\/\/artesaniasgoya.com\/index.php?rest_route=\/wp\/v2\/product\/6301\/revisions\/6331"}],"wp:featuredmedia":[{"embeddable":true,"href":"https:\/\/artesaniasgoya.com\/index.php?rest_route=\/wp\/v2\/media\/5835"}],"wp:attachment":[{"href":"https:\/\/artesaniasgoya.com\/index.php?rest_route=%2Fwp%2Fv2%2Fmedia&parent=6301"}],"wp:term":[{"taxonomy":"product_cat","embeddable":true,"href":"https:\/\/artesaniasgoya.com\/index.php?rest_route=%2Fwp%2Fv2%2Fproduct_cat&post=6301"},{"taxonomy":"product_tag","embeddable":true,"href":"https:\/\/artesaniasgoya.com\/index.php?rest_route=%2Fwp%2Fv2%2Fproduct_tag&post=6301"}],"curies":[{"name":"wp","href":"https:\/\/api.w.org\/{rel}","templated":true}]}}