{"id":6843,"date":"2023-02-09T14:53:03","date_gmt":"2023-02-09T14:53:03","guid":{"rendered":"https:\/\/artesaniasgoya.com\/?post_type=product&#038;p=6843"},"modified":"2023-02-23T11:08:08","modified_gmt":"2023-02-23T11:08:08","slug":"llavero-t032-1","status":"publish","type":"product","link":"https:\/\/artesaniasgoya.com\/?product=llavero-t032-1","title":{"rendered":"Llavero T032.1"},"content":{"rendered":"<p>Una selecci\u00f3n de los m\u00e1s bellos dise\u00f1os de llaveros. Elaborados en metal con relieve.<\/p>\n","protected":false},"excerpt":{"rendered":"<p>Llavero met\u00e1lico con relieve. Recuerdo de Granada.<\/p>\n","protected":false},"featured_media":5819,"template":"","meta":[],"product_cat":[77],"product_tag":[138,119],"etheme_brands":{"errors":{"invalid_taxonomy":["Taxonom\u00eda no v\u00e1lida."]},"error_data":[]},"_links":{"self":[{"href":"https:\/\/artesaniasgoya.com\/index.php?rest_route=\/wp\/v2\/product\/6843"}],"collection":[{"href":"https:\/\/artesaniasgoya.com\/index.php?rest_route=\/wp\/v2\/product"}],"about":[{"href":"https:\/\/artesaniasgoya.com\/index.php?rest_route=\/wp\/v2\/types\/product"}],"version-history":[{"count":1,"href":"https:\/\/artesaniasgoya.com\/index.php?rest_route=\/wp\/v2\/product\/6843\/revisions"}],"predecessor-version":[{"id":6873,"href":"https:\/\/artesaniasgoya.com\/index.php?rest_route=\/wp\/v2\/product\/6843\/revisions\/6873"}],"wp:featuredmedia":[{"embeddable":true,"href":"https:\/\/artesaniasgoya.com\/index.php?rest_route=\/wp\/v2\/media\/5819"}],"wp:attachment":[{"href":"https:\/\/artesaniasgoya.com\/index.php?rest_route=%2Fwp%2Fv2%2Fmedia&parent=6843"}],"wp:term":[{"taxonomy":"product_cat","embeddable":true,"href":"https:\/\/artesaniasgoya.com\/index.php?rest_route=%2Fwp%2Fv2%2Fproduct_cat&post=6843"},{"taxonomy":"product_tag","embeddable":true,"href":"https:\/\/artesaniasgoya.com\/index.php?rest_route=%2Fwp%2Fv2%2Fproduct_tag&post=6843"}],"curies":[{"name":"wp","href":"https:\/\/api.w.org\/{rel}","templated":true}]}}