{"id":7246,"date":"2023-02-10T19:06:29","date_gmt":"2023-02-10T19:06:29","guid":{"rendered":"https:\/\/artesaniasgoya.com\/?post_type=product&#038;p=7246"},"modified":"2023-02-23T10:04:04","modified_gmt":"2023-02-23T10:04:04","slug":"tapon-resina-granada-m03001","status":"publish","type":"product","link":"https:\/\/artesaniasgoya.com\/?product=tapon-resina-granada-m03001","title":{"rendered":"Tap\u00f3n resina Granada M03001"},"content":{"rendered":"<p>Una selecci\u00f3n de los m\u00e1s bellos dise\u00f1os de tapones para botellas. Elaborados de resina en relieve.<\/p>\n","protected":false},"excerpt":{"rendered":"<p>Tap\u00f3n de resina para botella de vidrio. Recuerdo de Granada.<\/p>\n","protected":false},"featured_media":7042,"template":"","meta":[],"product_cat":[108],"product_tag":[138,123],"etheme_brands":{"errors":{"invalid_taxonomy":["Taxonom\u00eda no v\u00e1lida."]},"error_data":[]},"_links":{"self":[{"href":"https:\/\/artesaniasgoya.com\/index.php?rest_route=\/wp\/v2\/product\/7246"}],"collection":[{"href":"https:\/\/artesaniasgoya.com\/index.php?rest_route=\/wp\/v2\/product"}],"about":[{"href":"https:\/\/artesaniasgoya.com\/index.php?rest_route=\/wp\/v2\/types\/product"}],"version-history":[{"count":1,"href":"https:\/\/artesaniasgoya.com\/index.php?rest_route=\/wp\/v2\/product\/7246\/revisions"}],"predecessor-version":[{"id":7262,"href":"https:\/\/artesaniasgoya.com\/index.php?rest_route=\/wp\/v2\/product\/7246\/revisions\/7262"}],"wp:featuredmedia":[{"embeddable":true,"href":"https:\/\/artesaniasgoya.com\/index.php?rest_route=\/wp\/v2\/media\/7042"}],"wp:attachment":[{"href":"https:\/\/artesaniasgoya.com\/index.php?rest_route=%2Fwp%2Fv2%2Fmedia&parent=7246"}],"wp:term":[{"taxonomy":"product_cat","embeddable":true,"href":"https:\/\/artesaniasgoya.com\/index.php?rest_route=%2Fwp%2Fv2%2Fproduct_cat&post=7246"},{"taxonomy":"product_tag","embeddable":true,"href":"https:\/\/artesaniasgoya.com\/index.php?rest_route=%2Fwp%2Fv2%2Fproduct_tag&post=7246"}],"curies":[{"name":"wp","href":"https:\/\/api.w.org\/{rel}","templated":true}]}}