{"id":7258,"date":"2023-02-10T19:06:30","date_gmt":"2023-02-10T19:06:30","guid":{"rendered":"https:\/\/artesaniasgoya.com\/?post_type=product&#038;p=7258"},"modified":"2023-02-23T09:56:50","modified_gmt":"2023-02-23T09:56:50","slug":"aceitero-000432-35","status":"publish","type":"product","link":"https:\/\/artesaniasgoya.com\/?product=aceitero-000432-35","title":{"rendered":"Aceitero 000432.35"},"content":{"rendered":"<p>Una selecci\u00f3n de los m\u00e1s bellos dise\u00f1os de aceiteros. Elaborados de cer\u00e1mica en impresi\u00f3n de alta calidad.<\/p>\n","protected":false},"excerpt":{"rendered":"<p>Aceitero de cer\u00e1mica. Recuerdo de Granada.<\/p>\n","protected":false},"featured_media":6911,"template":"","meta":[],"product_cat":[113],"product_tag":[125,126,138],"etheme_brands":{"errors":{"invalid_taxonomy":["Taxonom\u00eda no v\u00e1lida."]},"error_data":[]},"_links":{"self":[{"href":"https:\/\/artesaniasgoya.com\/index.php?rest_route=\/wp\/v2\/product\/7258"}],"collection":[{"href":"https:\/\/artesaniasgoya.com\/index.php?rest_route=\/wp\/v2\/product"}],"about":[{"href":"https:\/\/artesaniasgoya.com\/index.php?rest_route=\/wp\/v2\/types\/product"}],"version-history":[{"count":1,"href":"https:\/\/artesaniasgoya.com\/index.php?rest_route=\/wp\/v2\/product\/7258\/revisions"}],"predecessor-version":[{"id":7274,"href":"https:\/\/artesaniasgoya.com\/index.php?rest_route=\/wp\/v2\/product\/7258\/revisions\/7274"}],"wp:featuredmedia":[{"embeddable":true,"href":"https:\/\/artesaniasgoya.com\/index.php?rest_route=\/wp\/v2\/media\/6911"}],"wp:attachment":[{"href":"https:\/\/artesaniasgoya.com\/index.php?rest_route=%2Fwp%2Fv2%2Fmedia&parent=7258"}],"wp:term":[{"taxonomy":"product_cat","embeddable":true,"href":"https:\/\/artesaniasgoya.com\/index.php?rest_route=%2Fwp%2Fv2%2Fproduct_cat&post=7258"},{"taxonomy":"product_tag","embeddable":true,"href":"https:\/\/artesaniasgoya.com\/index.php?rest_route=%2Fwp%2Fv2%2Fproduct_tag&post=7258"}],"curies":[{"name":"wp","href":"https:\/\/api.w.org\/{rel}","templated":true}]}}