{"id":7349,"date":"2023-02-10T20:12:50","date_gmt":"2023-02-10T20:12:50","guid":{"rendered":"https:\/\/artesaniasgoya.com\/?post_type=product&#038;p=7349"},"modified":"2023-03-08T10:58:17","modified_gmt":"2023-03-08T10:58:17","slug":"pin-bandera-m02200-b","status":"publish","type":"product","link":"https:\/\/artesaniasgoya.com\/?product=pin-bandera-m02200-b","title":{"rendered":"Pin Bandera M0220.B"},"content":{"rendered":"<p>Una selecci\u00f3n de los m\u00e1s bellos dise\u00f1os de pins. Elaborados de metal.<\/p>\n","protected":false},"excerpt":{"rendered":"<p>Pin met\u00e1lico. Recuerdo de Granada.<\/p>\n","protected":false},"featured_media":8042,"template":"","meta":[],"product_cat":[107],"product_tag":[138,132],"etheme_brands":{"errors":{"invalid_taxonomy":["Taxonom\u00eda no v\u00e1lida."]},"error_data":[]},"_links":{"self":[{"href":"https:\/\/artesaniasgoya.com\/index.php?rest_route=\/wp\/v2\/product\/7349"}],"collection":[{"href":"https:\/\/artesaniasgoya.com\/index.php?rest_route=\/wp\/v2\/product"}],"about":[{"href":"https:\/\/artesaniasgoya.com\/index.php?rest_route=\/wp\/v2\/types\/product"}],"version-history":[{"count":2,"href":"https:\/\/artesaniasgoya.com\/index.php?rest_route=\/wp\/v2\/product\/7349\/revisions"}],"predecessor-version":[{"id":8047,"href":"https:\/\/artesaniasgoya.com\/index.php?rest_route=\/wp\/v2\/product\/7349\/revisions\/8047"}],"wp:featuredmedia":[{"embeddable":true,"href":"https:\/\/artesaniasgoya.com\/index.php?rest_route=\/wp\/v2\/media\/8042"}],"wp:attachment":[{"href":"https:\/\/artesaniasgoya.com\/index.php?rest_route=%2Fwp%2Fv2%2Fmedia&parent=7349"}],"wp:term":[{"taxonomy":"product_cat","embeddable":true,"href":"https:\/\/artesaniasgoya.com\/index.php?rest_route=%2Fwp%2Fv2%2Fproduct_cat&post=7349"},{"taxonomy":"product_tag","embeddable":true,"href":"https:\/\/artesaniasgoya.com\/index.php?rest_route=%2Fwp%2Fv2%2Fproduct_tag&post=7349"}],"curies":[{"name":"wp","href":"https:\/\/api.w.org\/{rel}","templated":true}]}}