{"id":7987,"date":"2023-03-07T12:56:11","date_gmt":"2023-03-07T12:56:11","guid":{"rendered":"https:\/\/artesaniasgoya.com\/?post_type=product&#038;p=7987"},"modified":"2023-03-07T12:56:11","modified_gmt":"2023-03-07T12:56:11","slug":"iman-espejo-m04002-21","status":"publish","type":"product","link":"https:\/\/artesaniasgoya.com\/?product=iman-espejo-m04002-21","title":{"rendered":"Im\u00e1n espejo M04002.21"},"content":{"rendered":"<p>Una selecci\u00f3n de los m\u00e1s bellos dise\u00f1os imantados para cualquier superficie met\u00e1lica.<\/p>\n","protected":false},"excerpt":{"rendered":"<p>Una selecci\u00f3n de los m\u00e1s bellos dise\u00f1os imantados para cualquier superficie met\u00e1lica.<\/p>\n","protected":false},"featured_media":7989,"template":"","meta":[],"product_cat":[76],"product_tag":[],"etheme_brands":{"errors":{"invalid_taxonomy":["Taxonom\u00eda no v\u00e1lida."]},"error_data":[]},"_links":{"self":[{"href":"https:\/\/artesaniasgoya.com\/index.php?rest_route=\/wp\/v2\/product\/7987"}],"collection":[{"href":"https:\/\/artesaniasgoya.com\/index.php?rest_route=\/wp\/v2\/product"}],"about":[{"href":"https:\/\/artesaniasgoya.com\/index.php?rest_route=\/wp\/v2\/types\/product"}],"version-history":[{"count":1,"href":"https:\/\/artesaniasgoya.com\/index.php?rest_route=\/wp\/v2\/product\/7987\/revisions"}],"predecessor-version":[{"id":7990,"href":"https:\/\/artesaniasgoya.com\/index.php?rest_route=\/wp\/v2\/product\/7987\/revisions\/7990"}],"wp:featuredmedia":[{"embeddable":true,"href":"https:\/\/artesaniasgoya.com\/index.php?rest_route=\/wp\/v2\/media\/7989"}],"wp:attachment":[{"href":"https:\/\/artesaniasgoya.com\/index.php?rest_route=%2Fwp%2Fv2%2Fmedia&parent=7987"}],"wp:term":[{"taxonomy":"product_cat","embeddable":true,"href":"https:\/\/artesaniasgoya.com\/index.php?rest_route=%2Fwp%2Fv2%2Fproduct_cat&post=7987"},{"taxonomy":"product_tag","embeddable":true,"href":"https:\/\/artesaniasgoya.com\/index.php?rest_route=%2Fwp%2Fv2%2Fproduct_tag&post=7987"}],"curies":[{"name":"wp","href":"https:\/\/api.w.org\/{rel}","templated":true}]}}