{"id":8010,"date":"2023-03-07T13:15:25","date_gmt":"2023-03-07T13:15:25","guid":{"rendered":"https:\/\/artesaniasgoya.com\/?post_type=product&#038;p=8010"},"modified":"2023-03-07T13:15:26","modified_gmt":"2023-03-07T13:15:26","slug":"llavero-t031-40","status":"publish","type":"product","link":"https:\/\/artesaniasgoya.com\/?product=llavero-t031-40","title":{"rendered":"Llavero T031.40"},"content":{"rendered":"<p>Una selecci\u00f3n de los m\u00e1s bellos dise\u00f1os de llaveros. Elaborados en metal con relieve.<\/p>\n","protected":false},"excerpt":{"rendered":"<p>Una selecci\u00f3n de los m\u00e1s bellos dise\u00f1os de llaveros. Elaborados en metal con relieve.<\/p>\n","protected":false},"featured_media":8002,"template":"","meta":[],"product_cat":[77],"product_tag":[],"etheme_brands":{"errors":{"invalid_taxonomy":["Taxonom\u00eda no v\u00e1lida."]},"error_data":[]},"_links":{"self":[{"href":"https:\/\/artesaniasgoya.com\/index.php?rest_route=\/wp\/v2\/product\/8010"}],"collection":[{"href":"https:\/\/artesaniasgoya.com\/index.php?rest_route=\/wp\/v2\/product"}],"about":[{"href":"https:\/\/artesaniasgoya.com\/index.php?rest_route=\/wp\/v2\/types\/product"}],"version-history":[{"count":1,"href":"https:\/\/artesaniasgoya.com\/index.php?rest_route=\/wp\/v2\/product\/8010\/revisions"}],"predecessor-version":[{"id":8011,"href":"https:\/\/artesaniasgoya.com\/index.php?rest_route=\/wp\/v2\/product\/8010\/revisions\/8011"}],"wp:featuredmedia":[{"embeddable":true,"href":"https:\/\/artesaniasgoya.com\/index.php?rest_route=\/wp\/v2\/media\/8002"}],"wp:attachment":[{"href":"https:\/\/artesaniasgoya.com\/index.php?rest_route=%2Fwp%2Fv2%2Fmedia&parent=8010"}],"wp:term":[{"taxonomy":"product_cat","embeddable":true,"href":"https:\/\/artesaniasgoya.com\/index.php?rest_route=%2Fwp%2Fv2%2Fproduct_cat&post=8010"},{"taxonomy":"product_tag","embeddable":true,"href":"https:\/\/artesaniasgoya.com\/index.php?rest_route=%2Fwp%2Fv2%2Fproduct_tag&post=8010"}],"curies":[{"name":"wp","href":"https:\/\/api.w.org\/{rel}","templated":true}]}}