{"id":8036,"date":"2023-03-07T16:06:43","date_gmt":"2023-03-07T16:06:43","guid":{"rendered":"https:\/\/artesaniasgoya.com\/?post_type=product&#038;p=8036"},"modified":"2023-03-07T16:07:23","modified_gmt":"2023-03-07T16:07:23","slug":"dedal-en-porcelana-impresa-000448-14","status":"publish","type":"product","link":"https:\/\/artesaniasgoya.com\/?product=dedal-en-porcelana-impresa-000448-14","title":{"rendered":"Dedal en porcelana impresa 000448.14"},"content":{"rendered":"<p>Una selecci\u00f3n de los m\u00e1s bellos dise\u00f1os de dedales. Elaborados de porcelana e impresi\u00f3n de alta calidad<\/p>\n","protected":false},"excerpt":{"rendered":"<p>Una selecci\u00f3n de los m\u00e1s bellos dise\u00f1os de dedales. Elaborados de porcelana e impresi\u00f3n de alta calidad<\/p>\n","protected":false},"featured_media":8030,"template":"","meta":[],"product_cat":[106,146],"product_tag":[],"etheme_brands":{"errors":{"invalid_taxonomy":["Taxonom\u00eda no v\u00e1lida."]},"error_data":[]},"_links":{"self":[{"href":"https:\/\/artesaniasgoya.com\/index.php?rest_route=\/wp\/v2\/product\/8036"}],"collection":[{"href":"https:\/\/artesaniasgoya.com\/index.php?rest_route=\/wp\/v2\/product"}],"about":[{"href":"https:\/\/artesaniasgoya.com\/index.php?rest_route=\/wp\/v2\/types\/product"}],"version-history":[{"count":1,"href":"https:\/\/artesaniasgoya.com\/index.php?rest_route=\/wp\/v2\/product\/8036\/revisions"}],"predecessor-version":[{"id":8037,"href":"https:\/\/artesaniasgoya.com\/index.php?rest_route=\/wp\/v2\/product\/8036\/revisions\/8037"}],"wp:featuredmedia":[{"embeddable":true,"href":"https:\/\/artesaniasgoya.com\/index.php?rest_route=\/wp\/v2\/media\/8030"}],"wp:attachment":[{"href":"https:\/\/artesaniasgoya.com\/index.php?rest_route=%2Fwp%2Fv2%2Fmedia&parent=8036"}],"wp:term":[{"taxonomy":"product_cat","embeddable":true,"href":"https:\/\/artesaniasgoya.com\/index.php?rest_route=%2Fwp%2Fv2%2Fproduct_cat&post=8036"},{"taxonomy":"product_tag","embeddable":true,"href":"https:\/\/artesaniasgoya.com\/index.php?rest_route=%2Fwp%2Fv2%2Fproduct_tag&post=8036"}],"curies":[{"name":"wp","href":"https:\/\/api.w.org\/{rel}","templated":true}]}}