{"id":8048,"date":"2023-03-08T10:59:38","date_gmt":"2023-03-08T10:59:38","guid":{"rendered":"https:\/\/artesaniasgoya.com\/?post_type=product&#038;p=8048"},"modified":"2023-03-08T11:00:11","modified_gmt":"2023-03-08T11:00:11","slug":"pin-toro-espana-m0220-11","status":"publish","type":"product","link":"https:\/\/artesaniasgoya.com\/?product=pin-toro-espana-m0220-11","title":{"rendered":"Pin Toro Espa\u00f1a M0220.11"},"content":{"rendered":"<p>Una selecci\u00f3n de los m\u00e1s bellos dise\u00f1os de pins. Elaborados de metal.<\/p>\n","protected":false},"excerpt":{"rendered":"<p>Pin met\u00e1lico. Recuerdo de Granada.<\/p>\n","protected":false},"featured_media":8040,"template":"","meta":[],"product_cat":[107],"product_tag":[138,132],"etheme_brands":{"errors":{"invalid_taxonomy":["Taxonom\u00eda no v\u00e1lida."]},"error_data":[]},"_links":{"self":[{"href":"https:\/\/artesaniasgoya.com\/index.php?rest_route=\/wp\/v2\/product\/8048"}],"collection":[{"href":"https:\/\/artesaniasgoya.com\/index.php?rest_route=\/wp\/v2\/product"}],"about":[{"href":"https:\/\/artesaniasgoya.com\/index.php?rest_route=\/wp\/v2\/types\/product"}],"version-history":[{"count":1,"href":"https:\/\/artesaniasgoya.com\/index.php?rest_route=\/wp\/v2\/product\/8048\/revisions"}],"predecessor-version":[{"id":8049,"href":"https:\/\/artesaniasgoya.com\/index.php?rest_route=\/wp\/v2\/product\/8048\/revisions\/8049"}],"wp:featuredmedia":[{"embeddable":true,"href":"https:\/\/artesaniasgoya.com\/index.php?rest_route=\/wp\/v2\/media\/8040"}],"wp:attachment":[{"href":"https:\/\/artesaniasgoya.com\/index.php?rest_route=%2Fwp%2Fv2%2Fmedia&parent=8048"}],"wp:term":[{"taxonomy":"product_cat","embeddable":true,"href":"https:\/\/artesaniasgoya.com\/index.php?rest_route=%2Fwp%2Fv2%2Fproduct_cat&post=8048"},{"taxonomy":"product_tag","embeddable":true,"href":"https:\/\/artesaniasgoya.com\/index.php?rest_route=%2Fwp%2Fv2%2Fproduct_tag&post=8048"}],"curies":[{"name":"wp","href":"https:\/\/api.w.org\/{rel}","templated":true}]}}