{"id":8050,"date":"2023-03-08T11:00:32","date_gmt":"2023-03-08T11:00:32","guid":{"rendered":"https:\/\/artesaniasgoya.com\/?post_type=product&#038;p=8050"},"modified":"2023-03-08T11:01:15","modified_gmt":"2023-03-08T11:01:15","slug":"pin-abanico-espana-m0220-12","status":"publish","type":"product","link":"https:\/\/artesaniasgoya.com\/?product=pin-abanico-espana-m0220-12","title":{"rendered":"Pin Abanico Espa\u00f1a M0220.12"},"content":{"rendered":"<p>Una selecci\u00f3n de los m\u00e1s bellos dise\u00f1os de pins. Elaborados de metal.<\/p>\n","protected":false},"excerpt":{"rendered":"<p>Pin met\u00e1lico. Recuerdo de Granada.<\/p>\n","protected":false},"featured_media":8041,"template":"","meta":[],"product_cat":[107],"product_tag":[138,132],"etheme_brands":{"errors":{"invalid_taxonomy":["Taxonom\u00eda no v\u00e1lida."]},"error_data":[]},"_links":{"self":[{"href":"https:\/\/artesaniasgoya.com\/index.php?rest_route=\/wp\/v2\/product\/8050"}],"collection":[{"href":"https:\/\/artesaniasgoya.com\/index.php?rest_route=\/wp\/v2\/product"}],"about":[{"href":"https:\/\/artesaniasgoya.com\/index.php?rest_route=\/wp\/v2\/types\/product"}],"version-history":[{"count":2,"href":"https:\/\/artesaniasgoya.com\/index.php?rest_route=\/wp\/v2\/product\/8050\/revisions"}],"predecessor-version":[{"id":8052,"href":"https:\/\/artesaniasgoya.com\/index.php?rest_route=\/wp\/v2\/product\/8050\/revisions\/8052"}],"wp:featuredmedia":[{"embeddable":true,"href":"https:\/\/artesaniasgoya.com\/index.php?rest_route=\/wp\/v2\/media\/8041"}],"wp:attachment":[{"href":"https:\/\/artesaniasgoya.com\/index.php?rest_route=%2Fwp%2Fv2%2Fmedia&parent=8050"}],"wp:term":[{"taxonomy":"product_cat","embeddable":true,"href":"https:\/\/artesaniasgoya.com\/index.php?rest_route=%2Fwp%2Fv2%2Fproduct_cat&post=8050"},{"taxonomy":"product_tag","embeddable":true,"href":"https:\/\/artesaniasgoya.com\/index.php?rest_route=%2Fwp%2Fv2%2Fproduct_tag&post=8050"}],"curies":[{"name":"wp","href":"https:\/\/api.w.org\/{rel}","templated":true}]}}