{"id":8074,"date":"2023-03-08T11:21:32","date_gmt":"2023-03-08T11:21:32","guid":{"rendered":"https:\/\/artesaniasgoya.com\/?post_type=product&#038;p=8074"},"modified":"2023-03-08T11:22:26","modified_gmt":"2023-03-08T11:22:26","slug":"plato-granda14cm-000443-2","status":"publish","type":"product","link":"https:\/\/artesaniasgoya.com\/?product=plato-granda14cm-000443-2","title":{"rendered":"Plato Granada 14cm 000443.2"},"content":{"rendered":"<p>Una selecci\u00f3n de los m\u00e1s bellos dise\u00f1os de platos decorativos. Elaborados de cer\u00e1mica en impresi\u00f3n de alta calidad.<\/p>\n","protected":false},"excerpt":{"rendered":"<p>Plato de cer\u00e1mica. Recuerdo de Granada.<\/p>\n","protected":false},"featured_media":8067,"template":"","meta":[],"product_cat":[111],"product_tag":[138,124],"etheme_brands":{"errors":{"invalid_taxonomy":["Taxonom\u00eda no v\u00e1lida."]},"error_data":[]},"_links":{"self":[{"href":"https:\/\/artesaniasgoya.com\/index.php?rest_route=\/wp\/v2\/product\/8074"}],"collection":[{"href":"https:\/\/artesaniasgoya.com\/index.php?rest_route=\/wp\/v2\/product"}],"about":[{"href":"https:\/\/artesaniasgoya.com\/index.php?rest_route=\/wp\/v2\/types\/product"}],"version-history":[{"count":2,"href":"https:\/\/artesaniasgoya.com\/index.php?rest_route=\/wp\/v2\/product\/8074\/revisions"}],"predecessor-version":[{"id":8076,"href":"https:\/\/artesaniasgoya.com\/index.php?rest_route=\/wp\/v2\/product\/8074\/revisions\/8076"}],"wp:featuredmedia":[{"embeddable":true,"href":"https:\/\/artesaniasgoya.com\/index.php?rest_route=\/wp\/v2\/media\/8067"}],"wp:attachment":[{"href":"https:\/\/artesaniasgoya.com\/index.php?rest_route=%2Fwp%2Fv2%2Fmedia&parent=8074"}],"wp:term":[{"taxonomy":"product_cat","embeddable":true,"href":"https:\/\/artesaniasgoya.com\/index.php?rest_route=%2Fwp%2Fv2%2Fproduct_cat&post=8074"},{"taxonomy":"product_tag","embeddable":true,"href":"https:\/\/artesaniasgoya.com\/index.php?rest_route=%2Fwp%2Fv2%2Fproduct_tag&post=8074"}],"curies":[{"name":"wp","href":"https:\/\/api.w.org\/{rel}","templated":true}]}}