{"id":8108,"date":"2023-03-10T10:31:16","date_gmt":"2023-03-10T10:31:16","guid":{"rendered":"https:\/\/artesaniasgoya.com\/?post_type=product&#038;p=8108"},"modified":"2023-03-10T10:31:41","modified_gmt":"2023-03-10T10:31:41","slug":"pastillero-m02230-41","status":"publish","type":"product","link":"https:\/\/artesaniasgoya.com\/?product=pastillero-m02230-41","title":{"rendered":"Pastillero M02230.41"},"content":{"rendered":"<p>Una selecci\u00f3n de los m\u00e1s bellos dise\u00f1os de pastilleros. Elaborados de metal con impresi\u00f3n de alta calidad<\/p>\n","protected":false},"excerpt":{"rendered":"<p>Pastillero met\u00e1lico. Recuerdo de Granada.<\/p>\n","protected":false},"featured_media":8090,"template":"","meta":[],"product_cat":[114],"product_tag":[138,128],"etheme_brands":{"errors":{"invalid_taxonomy":["Taxonom\u00eda no v\u00e1lida."]},"error_data":[]},"_links":{"self":[{"href":"https:\/\/artesaniasgoya.com\/index.php?rest_route=\/wp\/v2\/product\/8108"}],"collection":[{"href":"https:\/\/artesaniasgoya.com\/index.php?rest_route=\/wp\/v2\/product"}],"about":[{"href":"https:\/\/artesaniasgoya.com\/index.php?rest_route=\/wp\/v2\/types\/product"}],"version-history":[{"count":1,"href":"https:\/\/artesaniasgoya.com\/index.php?rest_route=\/wp\/v2\/product\/8108\/revisions"}],"predecessor-version":[{"id":8109,"href":"https:\/\/artesaniasgoya.com\/index.php?rest_route=\/wp\/v2\/product\/8108\/revisions\/8109"}],"wp:featuredmedia":[{"embeddable":true,"href":"https:\/\/artesaniasgoya.com\/index.php?rest_route=\/wp\/v2\/media\/8090"}],"wp:attachment":[{"href":"https:\/\/artesaniasgoya.com\/index.php?rest_route=%2Fwp%2Fv2%2Fmedia&parent=8108"}],"wp:term":[{"taxonomy":"product_cat","embeddable":true,"href":"https:\/\/artesaniasgoya.com\/index.php?rest_route=%2Fwp%2Fv2%2Fproduct_cat&post=8108"},{"taxonomy":"product_tag","embeddable":true,"href":"https:\/\/artesaniasgoya.com\/index.php?rest_route=%2Fwp%2Fv2%2Fproduct_tag&post=8108"}],"curies":[{"name":"wp","href":"https:\/\/api.w.org\/{rel}","templated":true}]}}