{"id":8112,"date":"2023-03-10T10:36:15","date_gmt":"2023-03-10T10:36:15","guid":{"rendered":"https:\/\/artesaniasgoya.com\/?post_type=product&#038;p=8112"},"modified":"2023-03-10T10:59:32","modified_gmt":"2023-03-10T10:59:32","slug":"granada-ceramica-000900-1-6cm","status":"publish","type":"product","link":"https:\/\/artesaniasgoya.com\/?product=granada-ceramica-000900-1-6cm","title":{"rendered":"Granada Cer\u00e1mica 000900.1 6cm"},"content":{"rendered":"<p>Una selecci\u00f3n de los m\u00e1s bellos dise\u00f1os. Elaborados de cer\u00e1mica en impresi\u00f3n de alta calidad.<\/p>\n","protected":false},"excerpt":{"rendered":"<p>Granada de cer\u00e1mica. Recuerdo de Granada.<\/p>\n","protected":false},"featured_media":8113,"template":"","meta":[],"product_cat":[143],"product_tag":[125,126,138],"etheme_brands":{"errors":{"invalid_taxonomy":["Taxonom\u00eda no v\u00e1lida."]},"error_data":[]},"_links":{"self":[{"href":"https:\/\/artesaniasgoya.com\/index.php?rest_route=\/wp\/v2\/product\/8112"}],"collection":[{"href":"https:\/\/artesaniasgoya.com\/index.php?rest_route=\/wp\/v2\/product"}],"about":[{"href":"https:\/\/artesaniasgoya.com\/index.php?rest_route=\/wp\/v2\/types\/product"}],"version-history":[{"count":1,"href":"https:\/\/artesaniasgoya.com\/index.php?rest_route=\/wp\/v2\/product\/8112\/revisions"}],"predecessor-version":[{"id":8122,"href":"https:\/\/artesaniasgoya.com\/index.php?rest_route=\/wp\/v2\/product\/8112\/revisions\/8122"}],"wp:featuredmedia":[{"embeddable":true,"href":"https:\/\/artesaniasgoya.com\/index.php?rest_route=\/wp\/v2\/media\/8113"}],"wp:attachment":[{"href":"https:\/\/artesaniasgoya.com\/index.php?rest_route=%2Fwp%2Fv2%2Fmedia&parent=8112"}],"wp:term":[{"taxonomy":"product_cat","embeddable":true,"href":"https:\/\/artesaniasgoya.com\/index.php?rest_route=%2Fwp%2Fv2%2Fproduct_cat&post=8112"},{"taxonomy":"product_tag","embeddable":true,"href":"https:\/\/artesaniasgoya.com\/index.php?rest_route=%2Fwp%2Fv2%2Fproduct_tag&post=8112"}],"curies":[{"name":"wp","href":"https:\/\/api.w.org\/{rel}","templated":true}]}}