{"id":8133,"date":"2023-03-10T11:02:51","date_gmt":"2023-03-10T11:02:51","guid":{"rendered":"https:\/\/artesaniasgoya.com\/?post_type=product&#038;p=8133"},"modified":"2023-03-10T11:04:29","modified_gmt":"2023-03-10T11:04:29","slug":"granada-ceramica-000902-1-12cm","status":"publish","type":"product","link":"https:\/\/artesaniasgoya.com\/?product=granada-ceramica-000902-1-12cm","title":{"rendered":"Granada Cer\u00e1mica 000902.1-12cm"},"content":{"rendered":"<p>Una selecci\u00f3n de los m\u00e1s bellos dise\u00f1os. Elaborados de cer\u00e1mica en impresi\u00f3n de alta calidad.<\/p>\n","protected":false},"excerpt":{"rendered":"<p>Granada de cer\u00e1mica. Recuerdo de Granada.<\/p>\n","protected":false},"featured_media":8119,"template":"","meta":[],"product_cat":[143],"product_tag":[125,126,138],"etheme_brands":{"errors":{"invalid_taxonomy":["Taxonom\u00eda no v\u00e1lida."]},"error_data":[]},"_links":{"self":[{"href":"https:\/\/artesaniasgoya.com\/index.php?rest_route=\/wp\/v2\/product\/8133"}],"collection":[{"href":"https:\/\/artesaniasgoya.com\/index.php?rest_route=\/wp\/v2\/product"}],"about":[{"href":"https:\/\/artesaniasgoya.com\/index.php?rest_route=\/wp\/v2\/types\/product"}],"version-history":[{"count":1,"href":"https:\/\/artesaniasgoya.com\/index.php?rest_route=\/wp\/v2\/product\/8133\/revisions"}],"predecessor-version":[{"id":8134,"href":"https:\/\/artesaniasgoya.com\/index.php?rest_route=\/wp\/v2\/product\/8133\/revisions\/8134"}],"wp:featuredmedia":[{"embeddable":true,"href":"https:\/\/artesaniasgoya.com\/index.php?rest_route=\/wp\/v2\/media\/8119"}],"wp:attachment":[{"href":"https:\/\/artesaniasgoya.com\/index.php?rest_route=%2Fwp%2Fv2%2Fmedia&parent=8133"}],"wp:term":[{"taxonomy":"product_cat","embeddable":true,"href":"https:\/\/artesaniasgoya.com\/index.php?rest_route=%2Fwp%2Fv2%2Fproduct_cat&post=8133"},{"taxonomy":"product_tag","embeddable":true,"href":"https:\/\/artesaniasgoya.com\/index.php?rest_route=%2Fwp%2Fv2%2Fproduct_tag&post=8133"}],"curies":[{"name":"wp","href":"https:\/\/api.w.org\/{rel}","templated":true}]}}