{"id":8166,"date":"2023-03-10T11:18:34","date_gmt":"2023-03-10T11:18:34","guid":{"rendered":"https:\/\/artesaniasgoya.com\/?post_type=product&#038;p=8166"},"modified":"2023-03-10T11:18:58","modified_gmt":"2023-03-10T11:18:58","slug":"granada-ceramica-000900b-2-8cm","status":"publish","type":"product","link":"https:\/\/artesaniasgoya.com\/?product=granada-ceramica-000900b-2-8cm","title":{"rendered":"Granada Cer\u00e1mica 000900B.2-8cm"},"content":{"rendered":"<p>Una selecci\u00f3n de los m\u00e1s bellos dise\u00f1os. Elaborados de cer\u00e1mica en impresi\u00f3n de alta calidad.<\/p>\n","protected":false},"excerpt":{"rendered":"<p>Granada de cer\u00e1mica. Recuerdo de Granada.<\/p>\n","protected":false},"featured_media":8145,"template":"","meta":[],"product_cat":[143],"product_tag":[125,126,138],"etheme_brands":{"errors":{"invalid_taxonomy":["Taxonom\u00eda no v\u00e1lida."]},"error_data":[]},"_links":{"self":[{"href":"https:\/\/artesaniasgoya.com\/index.php?rest_route=\/wp\/v2\/product\/8166"}],"collection":[{"href":"https:\/\/artesaniasgoya.com\/index.php?rest_route=\/wp\/v2\/product"}],"about":[{"href":"https:\/\/artesaniasgoya.com\/index.php?rest_route=\/wp\/v2\/types\/product"}],"version-history":[{"count":1,"href":"https:\/\/artesaniasgoya.com\/index.php?rest_route=\/wp\/v2\/product\/8166\/revisions"}],"predecessor-version":[{"id":8167,"href":"https:\/\/artesaniasgoya.com\/index.php?rest_route=\/wp\/v2\/product\/8166\/revisions\/8167"}],"wp:featuredmedia":[{"embeddable":true,"href":"https:\/\/artesaniasgoya.com\/index.php?rest_route=\/wp\/v2\/media\/8145"}],"wp:attachment":[{"href":"https:\/\/artesaniasgoya.com\/index.php?rest_route=%2Fwp%2Fv2%2Fmedia&parent=8166"}],"wp:term":[{"taxonomy":"product_cat","embeddable":true,"href":"https:\/\/artesaniasgoya.com\/index.php?rest_route=%2Fwp%2Fv2%2Fproduct_cat&post=8166"},{"taxonomy":"product_tag","embeddable":true,"href":"https:\/\/artesaniasgoya.com\/index.php?rest_route=%2Fwp%2Fv2%2Fproduct_tag&post=8166"}],"curies":[{"name":"wp","href":"https:\/\/api.w.org\/{rel}","templated":true}]}}