{"id":8199,"date":"2023-03-20T10:59:40","date_gmt":"2023-03-20T10:59:40","guid":{"rendered":"https:\/\/artesaniasgoya.com\/?post_type=product&#038;p=8199"},"modified":"2023-03-20T11:00:06","modified_gmt":"2023-03-20T11:00:06","slug":"iman-resina-m04000-19","status":"publish","type":"product","link":"https:\/\/artesaniasgoya.com\/?product=iman-resina-m04000-19","title":{"rendered":"Im\u00e1n resina M04000.19"},"content":{"rendered":"<p>Una selecci\u00f3n de los m\u00e1s bellos dise\u00f1os imantados para cualquier superficie met\u00e1lica.<\/p>\n","protected":false},"excerpt":{"rendered":"<p>Una selecci\u00f3n de los m\u00e1s bellos dise\u00f1os imantados para cualquier superficie met\u00e1lica.<\/p>\n","protected":false},"featured_media":8197,"template":"","meta":[],"product_cat":[76],"product_tag":[],"etheme_brands":{"errors":{"invalid_taxonomy":["Taxonom\u00eda no v\u00e1lida."]},"error_data":[]},"_links":{"self":[{"href":"https:\/\/artesaniasgoya.com\/index.php?rest_route=\/wp\/v2\/product\/8199"}],"collection":[{"href":"https:\/\/artesaniasgoya.com\/index.php?rest_route=\/wp\/v2\/product"}],"about":[{"href":"https:\/\/artesaniasgoya.com\/index.php?rest_route=\/wp\/v2\/types\/product"}],"version-history":[{"count":1,"href":"https:\/\/artesaniasgoya.com\/index.php?rest_route=\/wp\/v2\/product\/8199\/revisions"}],"predecessor-version":[{"id":8200,"href":"https:\/\/artesaniasgoya.com\/index.php?rest_route=\/wp\/v2\/product\/8199\/revisions\/8200"}],"wp:featuredmedia":[{"embeddable":true,"href":"https:\/\/artesaniasgoya.com\/index.php?rest_route=\/wp\/v2\/media\/8197"}],"wp:attachment":[{"href":"https:\/\/artesaniasgoya.com\/index.php?rest_route=%2Fwp%2Fv2%2Fmedia&parent=8199"}],"wp:term":[{"taxonomy":"product_cat","embeddable":true,"href":"https:\/\/artesaniasgoya.com\/index.php?rest_route=%2Fwp%2Fv2%2Fproduct_cat&post=8199"},{"taxonomy":"product_tag","embeddable":true,"href":"https:\/\/artesaniasgoya.com\/index.php?rest_route=%2Fwp%2Fv2%2Fproduct_tag&post=8199"}],"curies":[{"name":"wp","href":"https:\/\/api.w.org\/{rel}","templated":true}]}}